{"id":64,"date":"2026-01-11T00:18:32","date_gmt":"2026-01-10T23:18:32","guid":{"rendered":"http:\/\/dpos.tomato.derp.si\/?page_id=64"},"modified":"2026-04-28T18:04:39","modified_gmt":"2026-04-28T16:04:39","slug":"pristop","status":"publish","type":"page","link":"https:\/\/dpos.si\/en\/pristop\/","title":{"rendered":"Online Membership Application Form"},"content":{"rendered":"<div class=\"wp-block-group has-global-padding is-layout-constrained wp-block-group-is-layout-constrained\">\n<iframe loading=\"lazy\" src=\"https:\/\/docs.google.com\/forms\/d\/e\/1FAIpQLSdEXnHtpSYm_QeRRQN4MwXZdEwZZ020f1LIv5zZ9ICwthf9iQ\/viewform\" width=\"100%\" height=\"800px\" border=\"none\"><\/iframe>\n<\/div>\n\n\n\n<div style=\"height:59px\" aria-hidden=\"true\" class=\"wp-block-spacer\"><\/div>\n\n\n\n<div class=\"wp-block-group is-layout-flow wp-block-group-is-layout-flow\" style=\"padding-top:0;padding-right:0;padding-bottom:0;padding-left:0\">\n<p>For english version please visit: <a href=\"https:\/\/docs.google.com\/forms\/d\/e\/1FAIpQLSf4DFGB1e26sxy9aCHtr2pVo2hcO1ZFUwKJShsvzfrPiQnjGg\/viewform?usp=publish-editor\">https:\/\/docs.google.com\/forms\/d\/e\/1FAIpQLSf4DFGB1e26sxy9aCHtr2pVo2hcO1ZFUwKJShsvzfrPiQnjGg\/viewform?usp=publish-editor<\/a><\/p>\n\n\n\n<h2 class=\"wp-block-heading has-text-align-center has-x-large-font-size\" id=\"schedule-a-visit\" style=\"text-transform:uppercase\"><strong>Membership Application Form<\/strong><\/h2>\n\n\n\n<p class=\"has-text-align-center is-style-default has-medium-font-size\">You may submit it by email, by regular mail, or deliver it in person.<\/p>\n\n\n\n<div class=\"wp-block-buttons is-horizontal is-content-justification-center is-layout-flex wp-container-core-buttons-is-layout-03627597 wp-block-buttons-is-layout-flex\">\n<div class=\"wp-block-button is-style-fill\"><a class=\"wp-block-button__link has-base-color has-text-color has-background has-link-color has-large-font-size has-custom-font-size wp-element-button\" href=\"https:\/\/drive.google.com\/file\/d\/1yTZ3TynQUWdQId9604dFtXnqUUrVgBAa\/view?usp=sharing\" style=\"border-radius:50px;background-color:#61bc5c;font-style:normal;font-weight:700\">Application Form<\/a><\/div>\n<\/div>\n<\/div>\n\n\n\n<p><\/p>","protected":false},"excerpt":{"rendered":"<p>For english version please visit: https:\/\/docs.google.com\/forms\/d\/e\/1FAIpQLSf4DFGB1e26sxy9aCHtr2pVo2hcO1ZFUwKJShsvzfrPiQnjGg\/viewform?usp=publish-editor Fizi\u010dni pristopni obrazec Lahko ga po\u0161ljete preko e-po\u0161te ali klasi\u010dne po\u0161te oz. oddate osebno.<\/p>","protected":false},"author":2,"featured_media":0,"parent":0,"menu_order":0,"comment_status":"closed","ping_status":"closed","template":"","meta":{"inline_featured_image":false,"footnotes":""},"class_list":["post-64","page","type-page","status-publish","hentry"],"_links":{"self":[{"href":"https:\/\/dpos.si\/en\/wp-json\/wp\/v2\/pages\/64","targetHints":{"allow":["GET"]}}],"collection":[{"href":"https:\/\/dpos.si\/en\/wp-json\/wp\/v2\/pages"}],"about":[{"href":"https:\/\/dpos.si\/en\/wp-json\/wp\/v2\/types\/page"}],"author":[{"embeddable":true,"href":"https:\/\/dpos.si\/en\/wp-json\/wp\/v2\/users\/2"}],"replies":[{"embeddable":true,"href":"https:\/\/dpos.si\/en\/wp-json\/wp\/v2\/comments?post=64"}],"version-history":[{"count":14,"href":"https:\/\/dpos.si\/en\/wp-json\/wp\/v2\/pages\/64\/revisions"}],"predecessor-version":[{"id":223,"href":"https:\/\/dpos.si\/en\/wp-json\/wp\/v2\/pages\/64\/revisions\/223"}],"wp:attachment":[{"href":"https:\/\/dpos.si\/en\/wp-json\/wp\/v2\/media?parent=64"}],"curies":[{"name":"wp","href":"https:\/\/api.w.org\/{rel}","templated":true}]}}