{"id":57,"date":"2026-01-11T00:16:19","date_gmt":"2026-01-10T23:16:19","guid":{"rendered":"http:\/\/dpos.tomato.derp.si\/?page_id=57"},"modified":"2026-01-14T15:57:37","modified_gmt":"2026-01-14T14:57:37","slug":"knjiznica","status":"publish","type":"page","link":"https:\/\/dpos.si\/en\/knjiznica\/","title":{"rendered":"Library"},"content":{"rendered":"<p>Proposal for a New Public Transport Line Sevnica \u2013 \u0160kocjan \u2013 \u0160entjernej Route<\/p>\n\n\n\n<p><a href=\"https:\/\/prometnapolitika.si\/wp-content\/uploads\/2025\/12\/Pobuda-Sevnica-Sentjernej-1.pdf\"><\/a><a href=\"https:\/\/www.dlib.si\/details\/URN:NBN:SI:doc-QODNT1X5\"><\/a><a href=\"https:\/\/plus.cobiss.net\/cobiss\/si\/sl\/data\/cobib\/255973123\/nuk\">Pobuda za vzpostavitev nove linije&#8230; | COBISS Plus<\/a><\/p>\n\n\n\n<p><\/p>","protected":false},"excerpt":{"rendered":"<p>Pobuda za vzpostavitev nove linije javnega potni\u0161kega prometa na relaciji Sevnica &#8211; \u0160kocjan &#8211; \u0160entjernej Pobuda za vzpostavitev nove linije&#8230; | COBISS Plus<\/p>","protected":false},"author":2,"featured_media":0,"parent":0,"menu_order":0,"comment_status":"closed","ping_status":"closed","template":"","meta":{"inline_featured_image":false,"footnotes":""},"class_list":["post-57","page","type-page","status-publish","hentry"],"_links":{"self":[{"href":"https:\/\/dpos.si\/en\/wp-json\/wp\/v2\/pages\/57","targetHints":{"allow":["GET"]}}],"collection":[{"href":"https:\/\/dpos.si\/en\/wp-json\/wp\/v2\/pages"}],"about":[{"href":"https:\/\/dpos.si\/en\/wp-json\/wp\/v2\/types\/page"}],"author":[{"embeddable":true,"href":"https:\/\/dpos.si\/en\/wp-json\/wp\/v2\/users\/2"}],"replies":[{"embeddable":true,"href":"https:\/\/dpos.si\/en\/wp-json\/wp\/v2\/comments?post=57"}],"version-history":[{"count":5,"href":"https:\/\/dpos.si\/en\/wp-json\/wp\/v2\/pages\/57\/revisions"}],"predecessor-version":[{"id":137,"href":"https:\/\/dpos.si\/en\/wp-json\/wp\/v2\/pages\/57\/revisions\/137"}],"wp:attachment":[{"href":"https:\/\/dpos.si\/en\/wp-json\/wp\/v2\/media?parent=57"}],"curies":[{"name":"wp","href":"https:\/\/api.w.org\/{rel}","templated":true}]}}