{"id":26,"date":"2026-01-10T23:48:17","date_gmt":"2026-01-10T22:48:17","guid":{"rendered":"http:\/\/dpos.tomato.derp.si\/?page_id=26"},"modified":"2026-04-27T09:44:38","modified_gmt":"2026-04-27T07:44:38","slug":"o-nas","status":"publish","type":"page","link":"https:\/\/dpos.si\/en\/o-nas\/","title":{"rendered":"About us"},"content":{"rendered":"<figure class=\"wp-block-image size-large\"><img loading=\"lazy\" decoding=\"async\" width=\"1024\" height=\"614\" src=\"https:\/\/dpos.si\/wp-content\/uploads\/2026\/01\/skupinska1-1024x614.png\" alt=\"\" class=\"wp-image-91\" srcset=\"https:\/\/dpos.si\/wp-content\/uploads\/2026\/01\/skupinska1-1024x614.png 1024w, https:\/\/dpos.si\/wp-content\/uploads\/2026\/01\/skupinska1-300x180.png 300w, https:\/\/dpos.si\/wp-content\/uploads\/2026\/01\/skupinska1-768x461.png 768w, https:\/\/dpos.si\/wp-content\/uploads\/2026\/01\/skupinska1.png 1460w\" sizes=\"auto, (max-width: 1024px) 100vw, 1024px\" \/><\/figure>\n\n\n\n<p>We Are All Passengers!<\/p>\n\n\n\n<p>Indeed, each of us is a passenger in our own way\u2014whether on a bus, a train, an airplane, or ultimately as a passenger in a private car. As passengers, we are always dependent on the decisions of the \u201cdrivers\u201d; however, we can influence these decisions effectively when we are connected and share a common goal.<\/p>\n\n\n\n<p>The same applies to public transport. This is why, on World Car Free Day, 22 September 2025, we founded the Passenger Association of Slovenia, an association for the development of public transport, with the aim of connecting passengers and professionals working in the field of public transport.<\/p>\n\n\n\n<p>We are primarily a group of passengers brought together by unfavourable conditions in passenger transport in Slovenia. We aim to represent the interests of passengers at the national level and, through continuous education and cooperation with professionals, seek solutions for better public transport for all.<\/p>\n\n\n\n<p> <\/p>\n\n\n\n<div class=\"wp-block-columns is-layout-flex wp-container-core-columns-is-layout-28f84493 wp-block-columns-is-layout-flex\">\n<div class=\"wp-block-column is-layout-flow wp-block-column-is-layout-flow\">\n<p><strong><em>Association Leadership<\/em><\/strong><\/p>\n\n\n\n<ul class=\"wp-block-list\">\n<li>Matija Vene, president<\/li>\n<\/ul>\n\n\n\n<ul class=\"wp-block-list\">\n<li>Tilen Breznik, vise president<\/li>\n<\/ul>\n<\/div>\n\n\n\n<div class=\"wp-block-column is-layout-flow wp-block-column-is-layout-flow\">\n<p><strong><em>Executive Board<\/em><\/strong><\/p>\n\n\n\n<ul class=\"wp-block-list\">\n<li>Matija Vene,<\/li>\n\n\n\n<li>Tilen Breznik,<\/li>\n\n\n\n<li>Marjeta Ben\u010dina,<\/li>\n\n\n\n<li>Bo\u0161tjan Okorn,<\/li>\n\n\n\n<li>Marko Petelin.<\/li>\n<\/ul>\n<\/div>\n\n\n\n<div class=\"wp-block-column is-layout-flow wp-block-column-is-layout-flow\">\n<p><strong><em>Supervisory Board<\/em><\/strong><\/p>\n\n\n\n<ul class=\"wp-block-list\">\n<li>Tatjana Marn,<\/li>\n\n\n\n<li>Jernej Tiran.<\/li>\n<\/ul>\n<\/div>\n<\/div>\n\n\n\n<p><\/p>\n\n\n\n<p>We warmly invite you to join us and contribute to building a more connected future together.<\/p>","protected":false},"excerpt":{"rendered":"<p>Potniki smo vsi! Res je, vsak izmed nas je na svoj na\u010din potnik &#8211; bodisi v avtobusu, na vlaku, na letalu ali nenazadnje kot sovoznik v osebnem avtomobilu. Kot potniki smo vedno odvisni od odlo\u010ditev &#8220;voznikov&#8221;, nanje pa lahko u\u010dinkovito vplivamo, \u010de smo povezani in imamo skupen cilj. Tudi v javnem potni\u0161kem prometu je temu [&hellip;]<\/p>\n","protected":false},"author":2,"featured_media":0,"parent":0,"menu_order":0,"comment_status":"closed","ping_status":"closed","template":"","meta":{"inline_featured_image":false,"footnotes":""},"class_list":["post-26","page","type-page","status-publish","hentry"],"_links":{"self":[{"href":"https:\/\/dpos.si\/en\/wp-json\/wp\/v2\/pages\/26","targetHints":{"allow":["GET"]}}],"collection":[{"href":"https:\/\/dpos.si\/en\/wp-json\/wp\/v2\/pages"}],"about":[{"href":"https:\/\/dpos.si\/en\/wp-json\/wp\/v2\/types\/page"}],"author":[{"embeddable":true,"href":"https:\/\/dpos.si\/en\/wp-json\/wp\/v2\/users\/2"}],"replies":[{"embeddable":true,"href":"https:\/\/dpos.si\/en\/wp-json\/wp\/v2\/comments?post=26"}],"version-history":[{"count":7,"href":"https:\/\/dpos.si\/en\/wp-json\/wp\/v2\/pages\/26\/revisions"}],"predecessor-version":[{"id":176,"href":"https:\/\/dpos.si\/en\/wp-json\/wp\/v2\/pages\/26\/revisions\/176"}],"wp:attachment":[{"href":"https:\/\/dpos.si\/en\/wp-json\/wp\/v2\/media?parent=26"}],"curies":[{"name":"wp","href":"https:\/\/api.w.org\/{rel}","templated":true}]}}