{"id":165,"date":"2026-04-06T18:48:06","date_gmt":"2026-04-06T16:48:06","guid":{"rendered":"https:\/\/dpos.si\/?page_id=165"},"modified":"2026-04-27T17:01:11","modified_gmt":"2026-04-27T15:01:11","slug":"mestni-prometi","status":"publish","type":"page","link":"https:\/\/dpos.si\/en\/mestni-prometi\/","title":{"rendered":"Mestni prometi"},"content":{"rendered":"<p>Urban public transport is available in the following Slovenian cities:<\/p>\n\n\n\n<div class=\"wp-block-columns is-layout-flex wp-container-core-columns-is-layout-28f84493 wp-block-columns-is-layout-flex\">\n<div class=\"wp-block-column is-layout-flow wp-block-column-is-layout-flow\">\n<h4 class=\"wp-block-heading\">URBAN\/CITY BUSES<\/h4>\n\n\n\n<ul class=\"wp-block-list\">\n<li><a href=\"https:\/\/www.lpp.si\/\">Ljubljana,<\/a><\/li>\n\n\n\n<li><a href=\"https:\/\/www.marprom.si\/\">Maribor,<\/a><\/li>\n\n\n\n<li><a href=\"https:\/\/www.nomago.si\/mestni-promet\/celje\/vozni-red\">Celje<\/a>,<\/li>\n\n\n\n<li><a href=\"https:\/\/arriva.si\/avtobusni-prevozi\/mestni-avtobusni-prevozi\/mestni-promet-kranj\/\">Kranj<\/a>,<\/li>\n\n\n\n<li><a href=\"https:\/\/arriva.si\/avtobusni-prevozi\/mestni-avtobusni-prevozi\/mestni-promet-koper\/\">Koper<\/a>,<\/li>\n\n\n\n<li><a href=\"https:\/\/www.nomago.si\/avtobusni-prevozi\/mestni-promet\/novo-mesto\/vozni-red\">Novo mesto,<\/a><\/li>\n\n\n\n<li><a href=\"https:\/\/www.nomago.si\/avtobusni-prevozi\/mestni-promet\/brezice\">Bre\u017eice<\/a>,<\/li>\n\n\n\n<li><a href=\"https:\/\/arriva.si\/avtobusni-prevozi\/mestni-avtobusni-prevozi\/mestni-promet-jesenice\/\">Jesenice<\/a>,<\/li>\n\n\n\n<li><a href=\"https:\/\/www.nomago.si\/avtobusni-prevozi\/mestni-promet\/krsko-vozni-red\">Kr\u0161ko<\/a>,<\/li>\n\n\n\n<li><a href=\"https:\/\/www.apms.si\/go\/563\/Mestni-promet\">Murska Sobota<\/a>,<\/li>\n\n\n\n<li><a href=\"https:\/\/www.nomago.si\/avtobusni-prevozi\/mestni-promet\/idrija-vozni-red\">Idrija<\/a>,<\/li>\n\n\n\n<li><a href=\"https:\/\/arriva.si\/avtobusni-prevozi\/mestni-avtobusni-prevozi\/mestni-promet-piran\/\">Piran<\/a> in<\/li>\n\n\n\n<li><a href=\"https:\/\/www.nomago.si\/moje-mesto\/nova-gorica\">Nova Gorica.<\/a><\/li>\n<\/ul>\n<\/div>\n\n\n\n<div class=\"wp-block-column is-layout-flow wp-block-column-is-layout-flow\">\n<h4 class=\"wp-block-heading\">FREE URBAN\/CITY BUSES<\/h4>\n\n\n\n<ul class=\"wp-block-list\">\n<li><a href=\"https:\/\/www.nomago.si\/avtobusni-prevozi\/mestni-promet\/velenje\">Velenje<\/a>,<\/li>\n\n\n\n<li><a href=\"https:\/\/www.obcina-sevnica.si\/sl\/za-obcane\/vozni-redi\/mestni-bus-sevnica%E2%80%93bostanj\/\">Sevnica<\/a>,<\/li>\n\n\n\n<li><a href=\"https:\/\/arriva.si\/avtobusni-prevozi\/mestni-avtobusni-prevozi\/mestni-promet-ptuj\/\">Ptuj<\/a> in<\/li>\n\n\n\n<li><a href=\"https:\/\/www.nomago.si\/avtobusni-prevozi\/mestni-promet\/postojna\">Postojna<\/a>.<\/li>\n<\/ul>\n<\/div>\n<\/div>\n\n\n\n<p><\/p>\n\n\n\n<p>Holders of subsidised and free tickets are also entitled to use urban public transport services in Ljubljana, Maribor, Koper, Kranj, Jesenice, Novo mesto, Celje, Murska Sobota, and Kr\u0161ko.<\/p>\n\n\n\n<p>The Slovenia Ticket is also valid on urban public transport in Ljubljana.<\/p>\n\n\n\n<p>Secondary school pupils and students can additionally purchase a monthly or annual ticket for urban public transport (\u20ac10 in Ljubljana and Maribor, while urban transport in other cities\u2014Koper, Kranj, Jesenice, Novo mesto, Celje, Murska Sobota, and Kr\u0161ko\u2014is free of charge).<\/p>","protected":false},"excerpt":{"rendered":"<p>Mestnim prometi so na voljo v naslednjih slovenskih mestih: PLA\u010cLJIVI MESTNI PROMETI BREZPLA\u010cNI MESTNI PROMETI Imetniki subvencionirane brezpla\u010dne vozovnice se lahko vozite tudi uporablja v mestnem prometu v Ljubljani, Mariboru, Kopru, Kranju, Jesenicah, Novem mestu, Celju, Murski Soboti in Kr\u0161kem. Vozovnica Slovenija velja tudi v mestnem prometu v Ljubljani. Dijaki in \u0161tudenti si lahko dokupite [&hellip;]<\/p>\n","protected":false},"author":3,"featured_media":0,"parent":0,"menu_order":0,"comment_status":"closed","ping_status":"closed","template":"","meta":{"inline_featured_image":false,"footnotes":""},"class_list":["post-165","page","type-page","status-publish","hentry"],"_links":{"self":[{"href":"https:\/\/dpos.si\/en\/wp-json\/wp\/v2\/pages\/165","targetHints":{"allow":["GET"]}}],"collection":[{"href":"https:\/\/dpos.si\/en\/wp-json\/wp\/v2\/pages"}],"about":[{"href":"https:\/\/dpos.si\/en\/wp-json\/wp\/v2\/types\/page"}],"author":[{"embeddable":true,"href":"https:\/\/dpos.si\/en\/wp-json\/wp\/v2\/users\/3"}],"replies":[{"embeddable":true,"href":"https:\/\/dpos.si\/en\/wp-json\/wp\/v2\/comments?post=165"}],"version-history":[{"count":4,"href":"https:\/\/dpos.si\/en\/wp-json\/wp\/v2\/pages\/165\/revisions"}],"predecessor-version":[{"id":210,"href":"https:\/\/dpos.si\/en\/wp-json\/wp\/v2\/pages\/165\/revisions\/210"}],"wp:attachment":[{"href":"https:\/\/dpos.si\/en\/wp-json\/wp\/v2\/media?parent=165"}],"curies":[{"name":"wp","href":"https:\/\/api.w.org\/{rel}","templated":true}]}}