{"id":149,"date":"2026-04-06T15:06:49","date_gmt":"2026-04-06T13:06:49","guid":{"rendered":"https:\/\/dpos.si\/?page_id=149"},"modified":"2026-04-27T17:05:49","modified_gmt":"2026-04-27T15:05:49","slug":"z-javnim-potniskim-prometom-po-sloveniji","status":"publish","type":"page","link":"https:\/\/dpos.si\/en\/z-javnim-potniskim-prometom-po-sloveniji\/","title":{"rendered":"Travelling Across Slovenia by Intercity Public Transport"},"content":{"rendered":"<p>Where can I find the timetable? How much does it cost? Where do I buy a ticket? Is my bus or train on time? Will there be enough space available? <\/p>\n\n\n\n<p>These are all questions worth considering before travelling by intercity public transport. So let\u2019s get started!<\/p>\n\n\n\n<p><em>For more information on urban public transport (city buses), click the button below.<\/em><\/p>\n\n\n\n<div class=\"wp-block-buttons is-layout-flex wp-block-buttons-is-layout-flex\">\n<div class=\"wp-block-button\"><a class=\"wp-block-button__link has-accent-2-background-color has-background wp-element-button\" href=\"https:\/\/dpos.si\/en\/mestni-prometi\/\">URBAN\/CITY BUSES<\/a><\/div>\n<\/div>\n\n\n\n<div class=\"wp-block-columns is-layout-flex wp-container-core-columns-is-layout-28f84493 wp-block-columns-is-layout-flex\">\n<div class=\"wp-block-column is-layout-flow wp-block-column-is-layout-flow\" style=\"flex-basis:100%\">\n<div data-wp-context=\"{ &quot;autoclose&quot;: false, &quot;accordionItems&quot;: [] }\" data-wp-interactive=\"core\/accordion\" role=\"group\" class=\"wp-block-accordion is-layout-flow wp-block-accordion-is-layout-flow\"><\/div>\n<\/div>\n<\/div>\n\n\n\n<div data-wp-context=\"{ &quot;autoclose&quot;: false, &quot;accordionItems&quot;: [] }\" data-wp-interactive=\"core\/accordion\" role=\"group\" class=\"wp-block-accordion is-layout-flow wp-block-accordion-is-layout-flow\"><\/div>\n\n\n\n<div data-wp-context=\"{ &quot;autoclose&quot;: false, &quot;accordionItems&quot;: [] }\" data-wp-interactive=\"core\/accordion\" role=\"group\" class=\"wp-block-accordion is-layout-flow wp-block-accordion-is-layout-flow\"><\/div>\n\n\n\n<div data-wp-context=\"{ &quot;autoclose&quot;: false, &quot;accordionItems&quot;: [] }\" data-wp-interactive=\"core\/accordion\" role=\"group\" class=\"wp-block-accordion is-layout-flow wp-block-accordion-is-layout-flow\"><\/div>\n\n\n\n<h3 class=\"wp-block-heading\">TIMETABLE<\/h3>\n\n\n\n<p class=\"has-text-align-left\">In order to travel by bus or train, we must first know where and when the services operate. There are many ways to obtain this information. We can, for example, check timetables directly with each individual operator (<a href=\"https:\/\/potniski.sz.si\/\">https:\/\/potniski.sz.si\/<\/a>, <a href=\"https:\/\/www.nomago.si\/vozovnice\/vozni-red\">https:\/\/www.nomago.si\/vozovnice\/vozni-red<\/a>, <a href=\"https:\/\/arriva.si\/\">https:\/\/arriva.si\/<\/a> in <a href=\"https:\/\/www.apms.si\/voznired\">https:\/\/www.apms.si\/voznired<\/a>)  or use unified journey\u2011planning tools that combine information from multiple providers <a href=\"https:\/\/brezavta.si\/plan\">https:\/\/brezavta.si\/<\/a>.<\/p>\n\n\n\n<div class=\"wp-block-buttons is-layout-flex wp-block-buttons-is-layout-flex\">\n<div class=\"wp-block-button\"><a class=\"wp-block-button__link has-base-color has-custom-zeleni-gradient-background has-text-color has-background has-link-color wp-element-button\" href=\"https:\/\/brezavta.si\/plan\">Timetable - brezavta.si<\/a><\/div>\n<\/div>\n\n\n\n<p>On <a href=\"https:\/\/brezavta.si\/\">https:\/\/brezavta.si\/<\/a> you can also check timetables and expected arrivals for a specific bus or railway station or stop, and, where data is available, even monitor bus locations and train delays in real time.<\/p>\n\n\n\n<h3 class=\"wp-block-heading\">HOW TO BUY A TICKET<\/h3>\n\n\n\n<p>In Slovenia, the IJPP system (Integrated Public Passenger Transport) has been in operation for more than ten years. This means that with a single ticket (a contactless smart card), it is possible to travel on all modes of public transport in Slovenia\u2014both trains and buses. The IJPP smart card can be purchased at <a href=\"https:\/\/www.dujpp.si\/prodajna_mesta.html\">designated sales locations<\/a>, at Slovenian Railways ticket machines at Brnik Airport, or online (with home delivery).<\/p>\n\n\n\n<p>Without an IJPP smart card, it is only possible to purchase single (one\u2011way) tickets, either online, from bus drivers, or at bus station ticket offices.<\/p>\n\n\n\n<p>For online ticket purchases, the following websites are recommended: <a href=\"https:\/\/ijpp.arriva.si\/\">https:\/\/ijpp.arriva.si\/<\/a>, <a href=\"https:\/\/ijpp.nomago.si\/mwp\/\">https:\/\/ijpp.nomago.si\/<\/a> or <a href=\"https:\/\/eshop.sz.si\/\">https:\/\/eshop.sz.si\/<\/a>.<\/p>\n\n\n\n<h3 class=\"wp-block-heading\">TYPES OF TICKETS<\/h3>\n\n\n\n<p>There are several types of tickets available:<\/p>\n\n\n\n<ul class=\"wp-block-list\">\n<li>IJPP tickets and <\/li>\n\n\n\n<li>S\u017d tickets<\/li>\n<\/ul>\n\n\n\n<p>IJPP tickets are valid for travel on both trains and buses, whereas S\u017d tickets are only valid on trains operated by Slovenian Railways.<\/p>\n\n\n\n<p>More about S\u017d tickets on <a href=\"https:\/\/potniski.sz.si\/\"><em>website from Slovenian Railways<\/em><\/a>.<\/p>\n\n\n\n<h3 class=\"wp-block-heading\">IJPP tickets<\/h3>\n\n\n\n<p>Types of IJPP tickets<\/p>\n\n\n\n<ul class=\"wp-block-list\">\n<li>single (one way),<\/li>\n\n\n\n<li>daily (unlimeted return),<\/li>\n\n\n\n<li>three-day,<\/li>\n\n\n\n<li>weekly,<\/li>\n\n\n\n<li>monthly,<\/li>\n\n\n\n<li>yearly and<\/li>\n\n\n\n<li>weekend family.<br><\/li>\n<\/ul>\n\n\n\n<p><em>The purchase of IJPP tickets (except for single tickets) is only possible using an IJPP smart card.<\/em><br><\/p>\n\n\n\n<p>Single tickets cost between \u20ac1.50 and \u20ac16.50, while day tickets range from \u20ac3.00 to \u20ac18.00. <\/p>\n\n\n\n<p>With the purchase of an IJPP day ticket priced at \u20ac18, the ticket is valid for an unlimited number of journeys within the Republic of Slovenia on all modes of public transport (buses and trains) for one day. The so\u2011called \u201cSlovenia Ticket\u201d also includes urban bus transport in Ljubljana. This likewise applies to the three\u2011day, weekly, monthly, annual, and weekend family tickets.<br><\/p>\n\n\n\n<p>The three\u2011day \u201cSlovenia Ticket\u201d costs \u20ac22, while the weekly ticket costs \u20ac36. For monthly and annual tickets, the price is significantly lower when purchasing personalised (named) tickets.<br><\/p>\n\n\n\n<p>An annual ticket, which allows unlimited travel throughout Slovenia for an entire year, costs just \u20ac560.<br><\/p>\n\n\n\n<p><strong>On weekends and public holidays, a 25% discount is applied to all of the above\u2011mentioned tickets.<\/strong>.<\/p>\n\n\n\n<p><strong>Children up to the age of 15 travel with a 50% discount, while children up to the age of 6 travel free of charge.<\/strong><\/p>\n\n\n\n<p><br>Pensioners, war veterans, and persons with disabilities who are residents of Slovenia may apply for a free ticket at in\u2011person sales locations, while secondary school pupils and students are eligible for subsidised tickets.<\/p>\n\n\n\n<p>More info at <a href=\"https:\/\/www.dujpp.si\/\">Dujpp.si<\/a>.<\/p>","protected":false},"excerpt":{"rendered":"<p>Kje najdem vozni red? Kak\u0161na je cena? Kje kupim vozovnico? Ali je moj avtobus\/vlak to\u010den? Bo dovolj prostora? Vse to so vpra\u0161anja, na katera je dobro odgovoriti preden se odpravimo na pot z medkrajevnim javnim potni\u0161kim prometom. Pa za\u010dnimo! Za ve\u010d informacij o mestnih prometih klikni spodnji gumb. VOZNI RED Da lahko potujemo z avtobusi [&hellip;]<\/p>\n","protected":false},"author":3,"featured_media":0,"parent":0,"menu_order":0,"comment_status":"closed","ping_status":"closed","template":"","meta":{"inline_featured_image":false,"footnotes":""},"class_list":["post-149","page","type-page","status-publish","hentry"],"_links":{"self":[{"href":"https:\/\/dpos.si\/en\/wp-json\/wp\/v2\/pages\/149","targetHints":{"allow":["GET"]}}],"collection":[{"href":"https:\/\/dpos.si\/en\/wp-json\/wp\/v2\/pages"}],"about":[{"href":"https:\/\/dpos.si\/en\/wp-json\/wp\/v2\/types\/page"}],"author":[{"embeddable":true,"href":"https:\/\/dpos.si\/en\/wp-json\/wp\/v2\/users\/3"}],"replies":[{"embeddable":true,"href":"https:\/\/dpos.si\/en\/wp-json\/wp\/v2\/comments?post=149"}],"version-history":[{"count":21,"href":"https:\/\/dpos.si\/en\/wp-json\/wp\/v2\/pages\/149\/revisions"}],"predecessor-version":[{"id":212,"href":"https:\/\/dpos.si\/en\/wp-json\/wp\/v2\/pages\/149\/revisions\/212"}],"wp:attachment":[{"href":"https:\/\/dpos.si\/en\/wp-json\/wp\/v2\/media?parent=149"}],"curies":[{"name":"wp","href":"https:\/\/api.w.org\/{rel}","templated":true}]}}